{"id":2750,"date":"2023-09-13T12:21:20","date_gmt":"2023-09-13T10:21:20","guid":{"rendered":"https:\/\/asornaments.com\/?page_id=2750"},"modified":"2023-10-02T16:18:18","modified_gmt":"2023-10-02T14:18:18","slug":"hamarosan","status":"publish","type":"page","link":"https:\/\/asornaments.com\/eng\/hamarosan\/","title":{"rendered":"Coming soon"},"content":{"rendered":"<p>[et_pb_section fb_built=&#8221;1&#8243; _builder_version=&#8221;4.22.1&#8243; _module_preset=&#8221;default&#8221; background_color=&#8221;#EDEDED&#8221; use_background_color_gradient=&#8221;on&#8221; background_color_gradient_stops=&#8221;#ededed 0%|rgba(237,237,237,0.84) 50%|#ededed 100%&#8221; background_color_gradient_overlays_image=&#8221;on&#8221; background_image=&#8221;https:\/\/asornaments.com\/wp-content\/uploads\/2023\/06\/paper-texture.jpg&#8221; custom_margin=&#8221;-90px||||false|false&#8221; global_colors_info=&#8221;{}&#8221;][et_pb_row _builder_version=&#8221;4.22.1&#8243; _module_preset=&#8221;default&#8221; custom_margin=&#8221;92px||||false|false&#8221; global_colors_info=&#8221;{}&#8221;][et_pb_column type=&#8221;4_4&#8243; _builder_version=&#8221;4.22.1&#8243; _module_preset=&#8221;default&#8221; background_enable_color=&#8221;off&#8221; global_colors_info=&#8221;{}&#8221;][et_pb_text _builder_version=&#8221;4.22.1&#8243; _module_preset=&#8221;default&#8221; text_font=&#8221;Gilda Display|||on|||||&#8221; text_text_color=&#8221;#101924&#8243; text_font_size=&#8221;35px&#8221; global_colors_info=&#8221;{}&#8221;]<\/p>\n<p style=\"text-align: center;\">Hamarosan<\/p>\n<p>[\/et_pb_text][et_pb_text _builder_version=&#8221;4.22.1&#8243; _module_preset=&#8221;default&#8221; text_font=&#8221;Gilda Display||||||||&#8221; text_font_size=&#8221;25px&#8221; text_line_height_tablet=&#8221;&#8221; text_line_height_phone=&#8221;1.5em&#8221; text_line_height_last_edited=&#8221;on|phone&#8221; global_colors_info=&#8221;{}&#8221;]<\/p>\n<p style=\"text-align: center;\">K\u00e9rj\u00fck l\u00e1togasson el az oldalunkra k\u00e9s\u0151bb.<\/p>\n<p style=\"text-align: center;\">K\u00f6sz\u00f6nj\u00fck!<\/p>\n<p>[\/et_pb_text][et_pb_button button_url=&#8221;https:\/\/asornaments.com&#8221; button_text=&#8221;Vissza a f\u0151oldalra&#8221; button_alignment=&#8221;center&#8221; _builder_version=&#8221;4.22.1&#8243; _module_preset=&#8221;default&#8221; custom_button=&#8221;on&#8221; button_text_size=&#8221;16px&#8221; button_text_color=&#8221;#101924&#8243; button_border_width=&#8221;1px&#8221; button_border_radius=&#8221;0px&#8221; button_font=&#8221;Gilda Display||||||||&#8221; button_icon=&#8221;&#x24;||divi||400&#8243; button_icon_color=&#8221;#101924&#8243; global_colors_info=&#8221;{}&#8221;][\/et_pb_button][et_pb_image src=&#8221;https:\/\/asornaments.com\/wp-content\/uploads\/2023\/09\/li-e1694614636277.png&#8221; align=&#8221;center&#8221; _builder_version=&#8221;4.22.2&#8243; _module_preset=&#8221;default&#8221; width=&#8221;35%&#8221; width_tablet=&#8221;61%&#8221; width_phone=&#8221;61%&#8221; width_last_edited=&#8221;on|tablet&#8221; hover_enabled=&#8221;0&#8243; global_colors_info=&#8221;{}&#8221; sticky_enabled=&#8221;0&#8243;][\/et_pb_image][\/et_pb_column][\/et_pb_row][\/et_pb_section]<\/p>\n","protected":false},"excerpt":{"rendered":"<p>HamarosanK\u00e9rj\u00fck l\u00e1togasson el az oldalunkra k\u00e9s\u0151bb. K\u00f6sz\u00f6nj\u00fck!<\/p>","protected":false},"author":1,"featured_media":0,"parent":0,"menu_order":0,"comment_status":"closed","ping_status":"closed","template":"","meta":{"_et_pb_use_builder":"on","_et_pb_old_content":"","_et_gb_content_width":"","footnotes":""},"class_list":["post-2750","page","type-page","status-publish","hentry"],"yoast_head":"<!-- This site is optimized with the Yoast SEO plugin v27.4 - https:\/\/yoast.com\/product\/yoast-seo-wordpress\/ -->\n<title>Hamarosan | A&#039;s ornaments<\/title>\n<meta name=\"robots\" content=\"index, follow, max-snippet:-1, max-image-preview:large, max-video-preview:-1\" \/>\n<link rel=\"canonical\" href=\"https:\/\/asornaments.com\/eng\/hamarosan\/\" \/>\n<meta property=\"og:locale\" content=\"en_US\" \/>\n<meta property=\"og:type\" content=\"article\" \/>\n<meta property=\"og:title\" content=\"Hamarosan | A&#039;s ornaments\" \/>\n<meta property=\"og:description\" content=\"HamarosanK\u00e9rj\u00fck l\u00e1togasson el az oldalunkra k\u00e9s\u0151bb. K\u00f6sz\u00f6nj\u00fck!\" \/>\n<meta property=\"og:url\" content=\"https:\/\/asornaments.com\/eng\/hamarosan\/\" \/>\n<meta property=\"og:site_name\" content=\"A&#039;s ornaments\" \/>\n<meta property=\"article:modified_time\" content=\"2023-10-02T14:18:18+00:00\" \/>\n<meta property=\"og:image\" content=\"https:\/\/asornaments.com\/wp-content\/uploads\/2023\/07\/rajz-1-1.jpg\" \/>\n\t<meta property=\"og:image:width\" content=\"1509\" \/>\n\t<meta property=\"og:image:height\" content=\"842\" \/>\n\t<meta property=\"og:image:type\" content=\"image\/jpeg\" \/>\n<meta name=\"twitter:card\" content=\"summary_large_image\" \/>\n<script type=\"application\/ld+json\" class=\"yoast-schema-graph\">{\"@context\":\"https:\\\/\\\/schema.org\",\"@graph\":[{\"@type\":\"WebPage\",\"@id\":\"https:\\\/\\\/asornaments.com\\\/hamarosan\\\/\",\"url\":\"https:\\\/\\\/asornaments.com\\\/hamarosan\\\/\",\"name\":\"Hamarosan | A&#039;s ornaments\",\"isPartOf\":{\"@id\":\"https:\\\/\\\/asornaments.com\\\/#website\"},\"datePublished\":\"2023-09-13T10:21:20+00:00\",\"dateModified\":\"2023-10-02T14:18:18+00:00\",\"breadcrumb\":{\"@id\":\"https:\\\/\\\/asornaments.com\\\/hamarosan\\\/#breadcrumb\"},\"inLanguage\":\"en-US\",\"potentialAction\":[{\"@type\":\"ReadAction\",\"target\":[\"https:\\\/\\\/asornaments.com\\\/hamarosan\\\/\"]}]},{\"@type\":\"BreadcrumbList\",\"@id\":\"https:\\\/\\\/asornaments.com\\\/hamarosan\\\/#breadcrumb\",\"itemListElement\":[{\"@type\":\"ListItem\",\"position\":1,\"name\":\"Kezd\u0151lap\",\"item\":\"https:\\\/\\\/asornaments.com\\\/\"},{\"@type\":\"ListItem\",\"position\":2,\"name\":\"Hamarosan\"}]},{\"@type\":\"WebSite\",\"@id\":\"https:\\\/\\\/asornaments.com\\\/#website\",\"url\":\"https:\\\/\\\/asornaments.com\\\/\",\"name\":\"As ornaments\",\"description\":\"M\u0171eml\u00e9kfel\u00faj\u00edt\u00e1s, d\u00edsz\u00edt\u0151fest\u00e9s, sablon\u00e1l\u00e1s\",\"potentialAction\":[{\"@type\":\"SearchAction\",\"target\":{\"@type\":\"EntryPoint\",\"urlTemplate\":\"https:\\\/\\\/asornaments.com\\\/?s={search_term_string}\"},\"query-input\":{\"@type\":\"PropertyValueSpecification\",\"valueRequired\":true,\"valueName\":\"search_term_string\"}}],\"inLanguage\":\"en-US\"}]}<\/script>\n<!-- \/ Yoast SEO plugin. -->","yoast_head_json":{"title":"Hamarosan | A&#039;s ornaments","robots":{"index":"index","follow":"follow","max-snippet":"max-snippet:-1","max-image-preview":"max-image-preview:large","max-video-preview":"max-video-preview:-1"},"canonical":"https:\/\/asornaments.com\/eng\/hamarosan\/","og_locale":"en_US","og_type":"article","og_title":"Hamarosan | A&#039;s ornaments","og_description":"HamarosanK\u00e9rj\u00fck l\u00e1togasson el az oldalunkra k\u00e9s\u0151bb. K\u00f6sz\u00f6nj\u00fck!","og_url":"https:\/\/asornaments.com\/eng\/hamarosan\/","og_site_name":"A&#039;s ornaments","article_modified_time":"2023-10-02T14:18:18+00:00","og_image":[{"width":1509,"height":842,"url":"https:\/\/asornaments.com\/wp-content\/uploads\/2023\/07\/rajz-1-1.jpg","type":"image\/jpeg"}],"twitter_card":"summary_large_image","schema":{"@context":"https:\/\/schema.org","@graph":[{"@type":"WebPage","@id":"https:\/\/asornaments.com\/hamarosan\/","url":"https:\/\/asornaments.com\/hamarosan\/","name":"Hamarosan | A&#039;s ornaments","isPartOf":{"@id":"https:\/\/asornaments.com\/#website"},"datePublished":"2023-09-13T10:21:20+00:00","dateModified":"2023-10-02T14:18:18+00:00","breadcrumb":{"@id":"https:\/\/asornaments.com\/hamarosan\/#breadcrumb"},"inLanguage":"en-US","potentialAction":[{"@type":"ReadAction","target":["https:\/\/asornaments.com\/hamarosan\/"]}]},{"@type":"BreadcrumbList","@id":"https:\/\/asornaments.com\/hamarosan\/#breadcrumb","itemListElement":[{"@type":"ListItem","position":1,"name":"Kezd\u0151lap","item":"https:\/\/asornaments.com\/"},{"@type":"ListItem","position":2,"name":"Hamarosan"}]},{"@type":"WebSite","@id":"https:\/\/asornaments.com\/#website","url":"https:\/\/asornaments.com\/","name":"As ornaments","description":"M\u0171eml\u00e9kfel\u00faj\u00edt\u00e1s, d\u00edsz\u00edt\u0151fest\u00e9s, sablon\u00e1l\u00e1s","potentialAction":[{"@type":"SearchAction","target":{"@type":"EntryPoint","urlTemplate":"https:\/\/asornaments.com\/?s={search_term_string}"},"query-input":{"@type":"PropertyValueSpecification","valueRequired":true,"valueName":"search_term_string"}}],"inLanguage":"en-US"}]}},"_links":{"self":[{"href":"https:\/\/asornaments.com\/eng\/wp-json\/wp\/v2\/pages\/2750","targetHints":{"allow":["GET"]}}],"collection":[{"href":"https:\/\/asornaments.com\/eng\/wp-json\/wp\/v2\/pages"}],"about":[{"href":"https:\/\/asornaments.com\/eng\/wp-json\/wp\/v2\/types\/page"}],"author":[{"embeddable":true,"href":"https:\/\/asornaments.com\/eng\/wp-json\/wp\/v2\/users\/1"}],"replies":[{"embeddable":true,"href":"https:\/\/asornaments.com\/eng\/wp-json\/wp\/v2\/comments?post=2750"}],"version-history":[{"count":20,"href":"https:\/\/asornaments.com\/eng\/wp-json\/wp\/v2\/pages\/2750\/revisions"}],"predecessor-version":[{"id":3306,"href":"https:\/\/asornaments.com\/eng\/wp-json\/wp\/v2\/pages\/2750\/revisions\/3306"}],"wp:attachment":[{"href":"https:\/\/asornaments.com\/eng\/wp-json\/wp\/v2\/media?parent=2750"}],"curies":[{"name":"wp","href":"https:\/\/api.w.org\/{rel}","templated":true}]}}